{"id":23,"date":"2014-12-15T16:50:51","date_gmt":"2014-12-15T16:50:51","guid":{"rendered":"https:\/\/rosiqueaircraft.com\/it_rosique_wp\/?page_id=23"},"modified":"2017-02-17T14:00:19","modified_gmt":"2017-02-17T13:00:19","slug":"c-a-m-o","status":"publish","type":"page","link":"https:\/\/rosiqueaircraft.com\/?page_id=23","title":{"rendered":"C.A.M.O"},"content":{"rendered":"<img loading=\"lazy\" decoding=\"async\" width=\"2000\" height=\"470\" class=\"alignnone size-full wp-image-1211\" src=\"https:\/\/rosiqueaircraft.com\/it_rosique_wp\/\/wp-content\/uploads\/2014\/12\/header-startseite-01-low.jpg\" alt=\"header-startseite-01-low\" srcset=\"https:\/\/rosiqueaircraft.com\/wp-content\/uploads\/2014\/12\/header-startseite-01-low.jpg 2000w, https:\/\/rosiqueaircraft.com\/wp-content\/uploads\/2014\/12\/header-startseite-01-low-300x71.jpg 300w, https:\/\/rosiqueaircraft.com\/wp-content\/uploads\/2014\/12\/header-startseite-01-low-1024x241.jpg 1024w\" sizes=\"auto, (max-width: 2000px) 100vw, 2000px\" \/>\n<p>&nbsp;<\/p>\n<p style=\"text-align: justify;\"><strong>Rosique Aircraft<\/strong> es una organizaci\u00f3n de gesti\u00f3n del mantenimiento de la aeronavegabilidad aprobada seg\u00fan la parte M, subparte G dirigida por el Gerente Responsable. Dispone tambi\u00e9n de un Sistema de Calidad el cual, de manera independiente, supervisa todas las actividades de mantenimiento de la aeronavegabilidad para asegurar que se cumplen los requisitos aplicables de la parte M.<\/p>\n<p style=\"text-align: justify;\">Por lo tanto, esta organizaci\u00f3n est\u00e1 capacitada para la gesti\u00f3n del mantenimiento de la aeronavegabilidad de aeroplanos de transporte a\u00e9reo no comercial tal y como especifica el certificado de aprobaci\u00f3n.<\/p>\n<p style=\"text-align: justify;\"><strong>Rosique Aircraft<\/strong> est\u00e1 tambi\u00e9n aprobado Parte M Subparte I, para realizar Certificados de Revisi\u00f3n de Aeronovegabilidad o bien recomendaciones para la Revisi\u00f3n de Aeronavegabilidad a Estados miembros de la matr\u00edcula.<\/p>\n<p style=\"text-align: justify;\">Es por todo esto que contamos con m\u00e1s de un centenar de aeronaves registradas en todo el territorio espa\u00f1ol. Ofrece a sus clientes el servicio de registro y certificaci\u00f3n para todo tipo de aeronaves.<\/p>\n<h4><em><strong>SISTEMA CAMO Tool 2009<\/strong><\/em><\/h4>\n<p style=\"text-align: justify;\">Para el control y la gesti\u00f3n de la aeronavegabilidad de todos los aviones, <strong>Rosique Aircraft<\/strong> dispone del sistema<strong> CAMO Tool 2009<\/strong>, creado conjuntamente con<strong> iNetSoft Solutions<\/strong>. Esta herramienta nos permite gestionar el mantenimiento y la aeronavegabilidad de los aviones de manera remota y as\u00ed poder trazar todas y cada una de las actuaciones realizadas sobre una aeronave de una manera m\u00e1s eficaz y eficiente.<\/p>\n<p>[bs_collapse id=\u00bbcollapse_34ed-c4a9&#8243;]<br class=\"nc\" \/><br class=\"nc\" \/>[bs_citem title=\u00bbAlcance C.A.M.O\u00bb id=\u00bbcitem_d019-85fe\u00bb parent=\u00bbcollapse_34ed-c4a9&#8243;]<\/p>\n<p>AMERICAN CHAMPION 8KCAB<\/p>\n<p>BEECHCRAFT A36TC<\/p>\n<p>CESSNA 152<\/p>\n<p>CESSNA 172 SERIES<\/p>\n<p>CESSNA 177RG<\/p>\n<p>CESSNA 182<\/p>\n<p>CESSNA 404 SERIES<\/p>\n<p>CESSNA 414 SERIES<\/p>\n<p>CIRRUS SR20<\/p>\n<p>DIAMOND DA40 SERIES<\/p>\n<p>DIAMOND DA42 SERIES<\/p>\n<p>DIAMOND DA20 SERIES<\/p>\n<p>DIAMOND DV20 SERIES<\/p>\n<p>DIAMOND H36 SERIES<\/p>\n<p>DIAMOND HK36 SERIES<\/p>\n<p>HB-FLUGTECHNIK HB 23\/2400 (SERIES)<\/p>\n<p>LET L13 BLANIK<\/p>\n<p>LET L23 SUPERBLANIK<\/p>\n<p>MOONEY M20 SERIES<\/p>\n<p>PIPER PA-28 SERIES<\/p>\n<p>PIPER PA-32 SERIES<\/p>\n<p>PIPER PA-34 SERIES<\/p>\n<p>PIPER PA-46-350P<\/p>\n<p>PITTS S-2A<\/p>\n<p>ROBIN R2000 SERIES<\/p>\n<p>ROCKWELL-COMMANDER 112TC<\/p>\n<p>ROCKWELL-COMMANDER 114B<\/p>\n<p>SIAT 223 (SERIES)<\/p>\n<p>SLINGSBY T67 (SERIES)<\/p>\n<p>SOCATA MS880 SERIES<\/p>\n<p>SOCATA TB-9<\/p>\n<p>STEMME S10<\/p>\n<p>STEMME S10-V<\/p>\n<p>STEMME S10-VT<\/p>\n<p>STEMME S6<\/p>\n<p>STEMME S6-RT<\/p>\n<p>TECNAM P2002-JF<\/p>\n<p>TECNAM P92-J<\/p>\n<p>TECNAM P92-JS<\/p>\n<p>VULCANAIR P.68B (VICTOR)<\/p>\n<p>VULCANAIR P.68C<\/p>\n<p>VULCANAIR P.68C-TC<\/p>\n<p>VULCANAIR P.69 OBSERVER 2<\/p>\n<p>VULCANAIR P.68TC-OBSERVER<\/p>\n<p>ZLIN Z526A<\/p>\n<p>[\/bs_citem]<br \/>\n[\/bs_collapse]<\/p>\n","protected":false},"excerpt":{"rendered":"<p>&nbsp; Rosique Aircraft es una organizaci\u00f3n de gesti\u00f3n del mantenimiento de la aeronavegabilidad aprobada seg\u00fan la parte M, subparte G dirigida por el Gerente Responsable. Dispone tambi\u00e9n de un Sistema de Calidad el cual, de manera independiente, supervisa todas las actividades de mantenimiento de la aeronavegabilidad para asegurar que se cumplen los requisitos aplicables de&#8230;  <a href=\"https:\/\/rosiqueaircraft.com\/?page_id=23\" class=\"more-link\" title=\"Read C.A.M.O\">Read more &raquo;<\/a><\/p>\n","protected":false},"author":1,"featured_media":0,"parent":21,"menu_order":5,"comment_status":"closed","ping_status":"closed","template":"page-full-width.php","meta":{"_acf_changed":false,"footnotes":""},"class_list":["post-23","page","type-page","status-publish","hentry"],"acf":[],"_links":{"self":[{"href":"https:\/\/rosiqueaircraft.com\/index.php?rest_route=\/wp\/v2\/pages\/23","targetHints":{"allow":["GET"]}}],"collection":[{"href":"https:\/\/rosiqueaircraft.com\/index.php?rest_route=\/wp\/v2\/pages"}],"about":[{"href":"https:\/\/rosiqueaircraft.com\/index.php?rest_route=\/wp\/v2\/types\/page"}],"author":[{"embeddable":true,"href":"https:\/\/rosiqueaircraft.com\/index.php?rest_route=\/wp\/v2\/users\/1"}],"replies":[{"embeddable":true,"href":"https:\/\/rosiqueaircraft.com\/index.php?rest_route=%2Fwp%2Fv2%2Fcomments&post=23"}],"version-history":[{"count":23,"href":"https:\/\/rosiqueaircraft.com\/index.php?rest_route=\/wp\/v2\/pages\/23\/revisions"}],"predecessor-version":[{"id":1315,"href":"https:\/\/rosiqueaircraft.com\/index.php?rest_route=\/wp\/v2\/pages\/23\/revisions\/1315"}],"up":[{"embeddable":true,"href":"https:\/\/rosiqueaircraft.com\/index.php?rest_route=\/wp\/v2\/pages\/21"}],"wp:attachment":[{"href":"https:\/\/rosiqueaircraft.com\/index.php?rest_route=%2Fwp%2Fv2%2Fmedia&parent=23"}],"curies":[{"name":"wp","href":"https:\/\/api.w.org\/{rel}","templated":true}]}}